{"id":1066,"date":"2026-05-04T15:33:12","date_gmt":"2026-05-04T13:33:12","guid":{"rendered":"https:\/\/www.lesmotsdecapucine.fr\/?page_id=1066"},"modified":"2026-05-04T15:45:22","modified_gmt":"2026-05-04T13:45:22","slug":"tarots-2","status":"publish","type":"page","link":"https:\/\/www.lesmotsdecapucine.fr\/index.php\/tarots-2\/","title":{"rendered":"TAROTS"},"content":{"rendered":"<h4><strong>Un \u00e9clairage pour mieux conna\u00eetre vos fonctionnements instinctifs et \u00e9clairer vos d\u00e9cisions.<\/strong><\/h4>\n<h4><strong>Il arrive \u00e0 chacun(e) de traverser des moments de doute. Une situation floue, un choix difficile \u00e0 faire, une direction qui semble incertaine\u2026 Dans ces moments-l\u00e0, il peut \u00eatre pr\u00e9cieux de prendre un temps pour faire le point et regarder la situation sous un autre angle<\/strong>.<\/h4>\n<h4>Le <strong>tirage de tarot Capucine<\/strong> que je propose est pens\u00e9 pour vous aider \u00e0 clarifier ce que vous traversez, \u00e0 avancer avec plus de confiance. Pour avancer concr\u00e8tement il est n\u00e9cessaire de mieux comprendre comment vous fonctionnez.<br \/>\nComment ? Avec des moments d\u2019\u00e9coute et d&rsquo;accompagnement et surtout \u00e0 deux tirages :<\/h4>\n<h4><strong>Un tirage en 4 cartes parmi les 22 Arcanes majeurs du Tarot<br \/>\nUn tirage en 4 cartes parmi les 12 Maisons astrologiques<\/strong><\/h4>\n<h4>Afin d&rsquo;avoir une vision compl\u00e8te de VOTRE situation.<\/h4>\n<h4>Lors de notre s\u00e9ance, nous r\u00e9alisons un tirage structur\u00e9 autour de <strong>quatre cartes parmi les 22 Arcanes majeures du Tarot<\/strong>, chacune apportant un \u00e9clairage diff\u00e9rent :<\/h4>\n<ul>\n<li>\n<h4><strong>La situation<\/strong> : comprendre ce qui se joue r\u00e9ellement dans le moment pr\u00e9sent<\/h4>\n<\/li>\n<li>\n<h4><strong>Vos atouts<\/strong> : les ressources et forces qui peuvent vous aider<\/h4>\n<\/li>\n<li>\n<h4><strong>Les freins<\/strong> : les blocages ou r\u00e9sistances \u00e0 prendre en compte<\/h4>\n<\/li>\n<li>\n<h4><strong>La bonne attitude \u00e0 adopter<\/strong> : une piste concr\u00e8te pour avancer r\u00e9ellement dans votre quotidien.<\/h4>\n<\/li>\n<\/ul>\n<h4><strong>Ce tirage, tr\u00e8s complet, permet de prendre du recul, de voir la situation dans sa globalit\u00e9, de pouvoir vous aider \u00e0 prendre la meilleure d\u00e9cision possible.<\/strong><\/h4>\n<h4><strong>Une approche humaine et intuitive<\/strong><\/h4>\n<h4>Chaque tirage est r\u00e9alis\u00e9 <strong>en pr\u00e9sentiel ou en visio<\/strong>, dans un moment d\u2019\u00e9change \u00a0bienveillant et authentique.<\/h4>\n<h4>En visio, je vous fais choisir les cartes, puis je les place de fa\u00e7on \u00e0 ce que vous puissiez les voir.<\/h4>\n<h4>Le tarot devient alors un support pour ouvrir la r\u00e9flexion, mettre des mots sur ce qui se vit et faire \u00e9merger des pistes de compr\u00e9hension et d\u2019actions.<\/h4>\n<h4><strong><br \/>\nCe que cette s\u00e9ance peut vous apporter ?<\/strong><\/h4>\n<h4>L\u2019objectif de ce tirage est de vous aider \u00e0 (<strong>re)trouver une vision \u00e9clair\u00e9e de ce qui vous attend et de (re)lancer votre motivation int\u00e9rieure<\/strong>.<\/h4>\n<h4>Voici quelques t\u00e9moignages des personnes ayant b\u00e9n\u00e9fici\u00e9 de cet accompagnement :<\/h4>\n<ul>\n<li>\n<h4>plus de <strong>clart\u00e9<\/strong> sur leur situation,<\/h4>\n<\/li>\n<li>\n<h4>de l&rsquo;<strong>apaisement,<\/strong><\/h4>\n<\/li>\n<li>\n<h4>davantage de <strong>confiance<\/strong> dans leurs ressentis,<\/h4>\n<\/li>\n<li>\n<h4>des<strong>pistes<\/strong> \u00e9tonnantes \u00e0 mettre en pratique,<\/h4>\n<\/li>\n<li>\n<h4>une<strong>direction<\/strong> plus claire pour la suite.<\/h4>\n<\/li>\n<\/ul>\n<h4>N\u2019h\u00e9sitez pas \u00e0 me contacter pour de plus amples renseignements. Le tarif est de 80 \u20ac, la s\u00e9ance dure environ 1h15.<\/h4>\n<h4>Je serai heureuse de vous accompagner dans ce moment personnel.<\/h4>\n","protected":false},"excerpt":{"rendered":"<p>Un \u00e9clairage pour mieux conna\u00eetre vos fonctionnements instinctifs et \u00e9clairer vos d\u00e9cisions. Il arrive \u00e0 chacun(e) de traverser des moments de doute. Une situation floue, un choix difficile \u00e0 faire, une direction qui semble incertaine\u2026 Dans ces moments-l\u00e0, il peut \u00eatre pr\u00e9cieux de prendre un temps pour faire le point et regarder la situation sous&hellip; <br \/> <a class=\"button small blue\" href=\"https:\/\/www.lesmotsdecapucine.fr\/index.php\/tarots-2\/\">Lire la suite<\/a><\/p>\n","protected":false},"author":1,"featured_media":0,"parent":0,"menu_order":0,"comment_status":"closed","ping_status":"closed","template":"","meta":{"_uag_custom_page_level_css":"","footnotes":""},"class_list":["post-1066","page","type-page","status-publish","hentry"],"uagb_featured_image_src":{"full":false,"thumbnail":false,"medium":false,"medium_large":false,"large":false,"1536x1536":false,"2048x2048":false,"post-thumbnail":false,"one-page-express-full-hd":false},"uagb_author_info":{"display_name":"Les Mots de Capucine","author_link":"https:\/\/www.lesmotsdecapucine.fr\/index.php\/author\/admin92350\/"},"uagb_comment_info":0,"uagb_excerpt":"Un \u00e9clairage pour mieux conna\u00eetre vos fonctionnements instinctifs et \u00e9clairer vos d\u00e9cisions. Il arrive \u00e0 chacun(e) de traverser des moments de doute. Une situation floue, un choix difficile \u00e0 faire, une direction qui semble incertaine\u2026 Dans ces moments-l\u00e0, il peut \u00eatre pr\u00e9cieux de prendre un temps pour faire le point et regarder la situation sous&hellip;\u2026","_links":{"self":[{"href":"https:\/\/www.lesmotsdecapucine.fr\/index.php\/wp-json\/wp\/v2\/pages\/1066","targetHints":{"allow":["GET"]}}],"collection":[{"href":"https:\/\/www.lesmotsdecapucine.fr\/index.php\/wp-json\/wp\/v2\/pages"}],"about":[{"href":"https:\/\/www.lesmotsdecapucine.fr\/index.php\/wp-json\/wp\/v2\/types\/page"}],"author":[{"embeddable":true,"href":"https:\/\/www.lesmotsdecapucine.fr\/index.php\/wp-json\/wp\/v2\/users\/1"}],"replies":[{"embeddable":true,"href":"https:\/\/www.lesmotsdecapucine.fr\/index.php\/wp-json\/wp\/v2\/comments?post=1066"}],"version-history":[{"count":4,"href":"https:\/\/www.lesmotsdecapucine.fr\/index.php\/wp-json\/wp\/v2\/pages\/1066\/revisions"}],"predecessor-version":[{"id":1073,"href":"https:\/\/www.lesmotsdecapucine.fr\/index.php\/wp-json\/wp\/v2\/pages\/1066\/revisions\/1073"}],"wp:attachment":[{"href":"https:\/\/www.lesmotsdecapucine.fr\/index.php\/wp-json\/wp\/v2\/media?parent=1066"}],"curies":[{"name":"wp","href":"https:\/\/api.w.org\/{rel}","templated":true}]}}