{"id":36,"date":"2022-01-28T11:04:39","date_gmt":"2022-01-28T10:04:39","guid":{"rendered":"https:\/\/www.lesmotsdecapucine.fr\/?page_id=36"},"modified":"2022-02-14T09:18:55","modified_gmt":"2022-02-14T08:18:55","slug":"coatching-2","status":"publish","type":"page","link":"https:\/\/www.lesmotsdecapucine.fr\/index.php\/coatching-2\/","title":{"rendered":"Coaching"},"content":{"rendered":"\n<div class=\"wp-block-group\"><div class=\"wp-block-group__inner-container is-layout-flow wp-block-group-is-layout-flow\">\n<p class=\"has-drop-cap has-black-color has-pale-cyan-blue-background-color has-text-color has-background has-medium-font-size\"><strong>Vous pouvez avoir un besoin de r\u00e9alisation \u00e0 court terme, vous \u00eates donc pris par le temps. Tout d\u2019abord\u00a0\u00a0je vous re\u00e7ois et vous m\u2019exposez votre probl\u00e9matique en lien avec vos objectifs. <\/strong><br><strong>Vous avez des ressources, et vous ne savez pas toujours les utiliser, ce qui est normal dans ces moments-l\u00e0. Ensemble, nous pouvons red\u00e9finir vos objectifs, affiner leur contenu.\u00a0\u00a0Je vous accompagne pour que puissiez atteindre votre but ainsi retravaill\u00e9. <\/strong><br><strong>Le domaine peut \u00eatre tant professionnel que familial ou m\u00eame tout autre, parce qu\u2019il concerne toujours un syst\u00e8me. Pour \u00e9clairer la situation, je peux vous proposer de faire une s\u00e9ance en individuel de constellation syst\u00e9mique, qui va v\u00e9ritablement \u00e9clairer la situation, et votre positionnement face aux difficult\u00e9s.\u00a0\u00a0<\/strong><br><strong>Ensuite, nous \u00e9voquons ensemble diff\u00e9rentes solutions pratiques. Un suivi peut s\u2019av\u00e9rer n\u00e9cessaire jusqu\u2019\u00e0 l\u2019aboutissement de votre projet, il se d\u00e9cide au fur et \u00e0 mesure des \u00e9v\u00e9nements et selon vos ressentis et votre demande. Dans la majorit\u00e9 des cas, la premi\u00e8re s\u00e9ance de constellation est d\u00e9j\u00e0 \u00ab\u00a0tr\u00e8s parlante\u00a0\u00bb, et vous permet d\u2019avancer. C\u2019est pourquoi j\u2019utilise beaucoup cet outil, tr\u00e8s efficace en s\u00e9ance individuelle.<\/strong><\/p>\n<\/div><\/div>\n\n\n\n<p><\/p>\n","protected":false},"excerpt":{"rendered":"<p>Vous pouvez avoir un besoin de r\u00e9alisation \u00e0 court terme, vous \u00eates donc pris par le temps. Tout d\u2019abord\u00a0\u00a0je vous re\u00e7ois et vous m\u2019exposez votre probl\u00e9matique en lien avec vos objectifs. Vous avez des ressources, et vous ne savez pas toujours les utiliser, ce qui est normal dans ces moments-l\u00e0. Ensemble, nous pouvons red\u00e9finir vos&hellip; <br \/> <a class=\"button small blue\" href=\"https:\/\/www.lesmotsdecapucine.fr\/index.php\/coatching-2\/\">Lire la suite<\/a><\/p>\n","protected":false},"author":1,"featured_media":0,"parent":0,"menu_order":0,"comment_status":"closed","ping_status":"closed","template":"","meta":{"_uag_custom_page_level_css":"","footnotes":""},"class_list":["post-36","page","type-page","status-publish","hentry"],"uagb_featured_image_src":{"full":false,"thumbnail":false,"medium":false,"medium_large":false,"large":false,"1536x1536":false,"2048x2048":false,"post-thumbnail":false,"one-page-express-full-hd":false},"uagb_author_info":{"display_name":"Les Mots de Capucine","author_link":"https:\/\/www.lesmotsdecapucine.fr\/index.php\/author\/admin92350\/"},"uagb_comment_info":0,"uagb_excerpt":"Vous pouvez avoir un besoin de r\u00e9alisation \u00e0 court terme, vous \u00eates donc pris par le temps. Tout d\u2019abord\u00a0\u00a0je vous re\u00e7ois et vous m\u2019exposez votre probl\u00e9matique en lien avec vos objectifs. Vous avez des ressources, et vous ne savez pas toujours les utiliser, ce qui est normal dans ces moments-l\u00e0. Ensemble, nous pouvons red\u00e9finir vos&hellip;\u2026","_links":{"self":[{"href":"https:\/\/www.lesmotsdecapucine.fr\/index.php\/wp-json\/wp\/v2\/pages\/36","targetHints":{"allow":["GET"]}}],"collection":[{"href":"https:\/\/www.lesmotsdecapucine.fr\/index.php\/wp-json\/wp\/v2\/pages"}],"about":[{"href":"https:\/\/www.lesmotsdecapucine.fr\/index.php\/wp-json\/wp\/v2\/types\/page"}],"author":[{"embeddable":true,"href":"https:\/\/www.lesmotsdecapucine.fr\/index.php\/wp-json\/wp\/v2\/users\/1"}],"replies":[{"embeddable":true,"href":"https:\/\/www.lesmotsdecapucine.fr\/index.php\/wp-json\/wp\/v2\/comments?post=36"}],"version-history":[{"count":16,"href":"https:\/\/www.lesmotsdecapucine.fr\/index.php\/wp-json\/wp\/v2\/pages\/36\/revisions"}],"predecessor-version":[{"id":372,"href":"https:\/\/www.lesmotsdecapucine.fr\/index.php\/wp-json\/wp\/v2\/pages\/36\/revisions\/372"}],"wp:attachment":[{"href":"https:\/\/www.lesmotsdecapucine.fr\/index.php\/wp-json\/wp\/v2\/media?parent=36"}],"curies":[{"name":"wp","href":"https:\/\/api.w.org\/{rel}","templated":true}]}}