{"id":39,"date":"2022-01-28T11:06:21","date_gmt":"2022-01-28T10:06:21","guid":{"rendered":"https:\/\/www.lesmotsdecapucine.fr\/?page_id=39"},"modified":"2022-02-14T09:37:15","modified_gmt":"2022-02-14T08:37:15","slug":"psychotherapie-2","status":"publish","type":"page","link":"https:\/\/www.lesmotsdecapucine.fr\/index.php\/psychotherapie-2\/","title":{"rendered":"Psychoth\u00e9rapie"},"content":{"rendered":"\n<p class=\"has-drop-cap has-black-color has-pale-cyan-blue-background-color has-text-color has-background has-medium-font-size\"><strong>Chaque individu est unique, chaque approche aussi.<br>Apr\u00e8s un premier bilan, vous b\u00e9n\u00e9ficiez d\u2019un coaching ou d\u2019une psychoth\u00e9rapie, avec un suivi personnalis\u00e9.<br>C\u2019est ensemble que nous d\u00e9cidons du d\u00e9roulement des s\u00e9ances, de leur fr\u00e9quence, en fonction de votre<br>demande.<br>Je vous accompagne dans des moments de crises, dans vos moments de doutes, mais aussi dans votre d\u00e9sir de mieux vous conna\u00eetre.<br>Pour vous sentir mieux dans la vie de tous les jours, je vous propose un travail personnel pour vous affirmer au quotidien, reprendre votre place dans la famille, trouver votre confiance en vous, \u00e9viter les conflits, am\u00e9liorer la communication avec votre entourage, accompagner les transitions dans le domaine<br>professionnel.<br>Certains \u00e9v\u00e9nements remettent en cause, d\u00e9stabilisent, obligent \u00e0 trouver de nouveaux rep\u00e8res, de nouvelles fa\u00e7ons d\u2019agir et de communiquer.<br>Ces transitions constituent des moments particuliers, et cependant privil\u00e9gi\u00e9s pour mieux se conna\u00eetre et se d\u00e9velopper. Je vous oriente dans vos arbitrages et vos prises de d\u00e9cision, pour faciliter votre r\u00e9flexion et am\u00e9liorer votre mieux-\u00eatre.<\/strong><\/p>\n","protected":false},"excerpt":{"rendered":"<p>Chaque individu est unique, chaque approche aussi.Apr\u00e8s un premier bilan, vous b\u00e9n\u00e9ficiez d\u2019un coaching ou d\u2019une psychoth\u00e9rapie, avec un suivi personnalis\u00e9.C\u2019est ensemble que nous d\u00e9cidons du d\u00e9roulement des s\u00e9ances, de leur fr\u00e9quence, en fonction de votredemande.Je vous accompagne dans des moments de crises, dans vos moments de doutes, mais aussi dans votre d\u00e9sir de mieux&hellip; <br \/> <a class=\"button small blue\" href=\"https:\/\/www.lesmotsdecapucine.fr\/index.php\/psychotherapie-2\/\">Lire la suite<\/a><\/p>\n","protected":false},"author":1,"featured_media":0,"parent":0,"menu_order":0,"comment_status":"closed","ping_status":"closed","template":"","meta":{"_uag_custom_page_level_css":"","footnotes":""},"class_list":["post-39","page","type-page","status-publish","hentry"],"uagb_featured_image_src":{"full":false,"thumbnail":false,"medium":false,"medium_large":false,"large":false,"1536x1536":false,"2048x2048":false,"post-thumbnail":false,"one-page-express-full-hd":false},"uagb_author_info":{"display_name":"Les Mots de Capucine","author_link":"https:\/\/www.lesmotsdecapucine.fr\/index.php\/author\/admin92350\/"},"uagb_comment_info":0,"uagb_excerpt":"Chaque individu est unique, chaque approche aussi.Apr\u00e8s un premier bilan, vous b\u00e9n\u00e9ficiez d\u2019un coaching ou d\u2019une psychoth\u00e9rapie, avec un suivi personnalis\u00e9.C\u2019est ensemble que nous d\u00e9cidons du d\u00e9roulement des s\u00e9ances, de leur fr\u00e9quence, en fonction de votredemande.Je vous accompagne dans des moments de crises, dans vos moments de doutes, mais aussi dans votre d\u00e9sir de mieux&hellip;\u2026","_links":{"self":[{"href":"https:\/\/www.lesmotsdecapucine.fr\/index.php\/wp-json\/wp\/v2\/pages\/39","targetHints":{"allow":["GET"]}}],"collection":[{"href":"https:\/\/www.lesmotsdecapucine.fr\/index.php\/wp-json\/wp\/v2\/pages"}],"about":[{"href":"https:\/\/www.lesmotsdecapucine.fr\/index.php\/wp-json\/wp\/v2\/types\/page"}],"author":[{"embeddable":true,"href":"https:\/\/www.lesmotsdecapucine.fr\/index.php\/wp-json\/wp\/v2\/users\/1"}],"replies":[{"embeddable":true,"href":"https:\/\/www.lesmotsdecapucine.fr\/index.php\/wp-json\/wp\/v2\/comments?post=39"}],"version-history":[{"count":3,"href":"https:\/\/www.lesmotsdecapucine.fr\/index.php\/wp-json\/wp\/v2\/pages\/39\/revisions"}],"predecessor-version":[{"id":371,"href":"https:\/\/www.lesmotsdecapucine.fr\/index.php\/wp-json\/wp\/v2\/pages\/39\/revisions\/371"}],"wp:attachment":[{"href":"https:\/\/www.lesmotsdecapucine.fr\/index.php\/wp-json\/wp\/v2\/media?parent=39"}],"curies":[{"name":"wp","href":"https:\/\/api.w.org\/{rel}","templated":true}]}}