{"id":5,"date":"2022-01-28T09:56:15","date_gmt":"2022-01-28T08:56:15","guid":{"rendered":"https:\/\/www.lesmotsdecapucine.fr\/index.php\/one-page-express\/"},"modified":"2026-04-29T16:15:00","modified_gmt":"2026-04-29T14:15:00","slug":"one-page-express","status":"publish","type":"page","link":"https:\/\/www.lesmotsdecapucine.fr\/","title":{"rendered":"Front Page"},"content":{"rendered":"<div  class=\"wp-block-columns is-layout-flex wp-container-core-columns-is-layout-9d6595d7 wp-block-columns-is-layout-flex\">\n<div  class=\"wp-block-column is-layout-flow wp-block-column-is-layout-flow\" style=\"flex-basis: 100%;\">\n<div  id=\"overlapable-3\" class=\"features-image-cards-section stripped-features-image-cards-section\" style=\"background-color: #ffffff;\" data-label=\"Overlapable\" data-id=\"stripped-features-image-cards-section\" data-category=\"overlapable\" data-=\"\" data-overlap=\"true\">\n<div  class=\"gridContainer\">\n<div  class=\"features-image-cards-innerrow flexbox-list\" data-type=\"row\">\n<div  class=\"features-image-cards-cardcol cp6cols-tablet cp12cols\">\n<div  class=\"features-image-cards-cardrow\">\n<div  class=\"features-image-cards-cardtextrow\" data-type=\"column\">\n<div  class=\"\"><\/div>\n<div  class=\"adL\"><\/div>\n<\/div>\n<\/div>\n<\/div>\n<\/div>\n<\/div>\n<\/div>\n<div  id=\"overlapable-2\" class=\"features-coloured-icon-boxes-section\" style=\"background-color: #ffffff; text-align: justify;\" data-label=\"Overlapable\" data-id=\"stripped-coloured-icon-boxes\" data-category=\"overlapable\" data-overlap=\"true\">\n<div  class=\"gridContainer\">\n<div  class=\"features-coloured-icon-boxes-innerrow flexbox-list dark-text\" data-type=\"row\">\n<div  class=\"features-coloured-icon-boxes-featurecol cp3cols\">\n\n<strong  class=\"\"><img  decoding=\"async\" class=\"custom-image\" src=\"https:\/\/www.lesmotsdecapucine.fr\/wp-content\/uploads\/2022\/01\/astrologie.jpg\" alt=\"\"><\/strong>\n<h4  class=\"\"><strong ><span  style=\"color: #ff0000;\">ASTROLOGIE<\/span><\/strong><\/h4>\n<p  class=\"\"><strong  class=\"\">Connaissez vous mieux pour comprendre qui vous \u00eates.<\/strong><\/p>\n\n<p  class=\"\"><strong ><a  class=\"features-coloured-button\" href=\"https:\/\/www.lesmotsdecapucine.fr\/index.php\/astrologie-2\" target=\"_self\" rel=\"noopener\">SAVOIR PLUS<\/a><\/strong><\/p>\n\n<\/div>\n<div  class=\"features-coloured-icon-boxes-featurecol cp3cols\">\n\n<strong  class=\"\"><img  decoding=\"async\" class=\"custom-image\" src=\"https:\/\/www.lesmotsdecapucine.fr\/wp-content\/uploads\/2022\/01\/coatching.jpg\" alt=\"\"><\/strong>\n<h4  class=\"\"><strong ><span  style=\"color: #ff0000;\">DEVELOPPEMENT PERSONNEL&nbsp; COACHING<\/span><\/strong><\/h4>\n<p  class=\"\"><strong >C\u2019est une solution pour vous aider \u00e0 vous affirmer.<\/strong><\/p>\n<p  class=\"\"><strong ><a  class=\"features-coloured-button\" href=\"https:\/\/www.lesmotsdecapucine.fr\/index.php\/coatching-2\" target=\"_self\" rel=\"noopener\">SAVOIR PLUS<\/a><\/strong><\/p>\n\n<\/div>\n<div  class=\"features-coloured-icon-boxes-featurecol cp3cols\">\n\n<strong  class=\"\"><img  decoding=\"async\" class=\"custom-image\" src=\"https:\/\/www.lesmotsdecapucine.fr\/wp-content\/uploads\/2022\/02\/psy.jpg\" alt=\"\"><\/strong>\n<h4  class=\"\"><strong ><span  style=\"color: #ff0000;\">PSYCHOTH\u00c9RAPIE<\/span><\/strong><\/h4>\n<p  class=\"\"><strong  class=\"\">Chaque individu est unique, chaque approche aussi<\/strong><\/p>\n\n<p  class=\"\"><strong ><a  class=\"features-coloured-button\" href=\"https:\/\/www.lesmotsdecapucine.fr\/index.php\/psychotherapie-2\" target=\"_self\" rel=\"noopener\">SAVOIR PLUS<\/a><\/strong><\/p>\n\n<\/div>\n<div  class=\"features-coloured-icon-boxes-featurecol cp3cols\">\n\n<strong  class=\"\"><img  decoding=\"async\" class=\"custom-image\" src=\"https:\/\/www.lesmotsdecapucine.fr\/wp-content\/uploads\/2022\/01\/parcours.jpg\" alt=\"\"><\/strong>\n<h4  class=\"\"><strong ><span  style=\"color: #ff0000;\">MON PARCOURS<\/span><\/strong><\/h4>\n<p  class=\"\"><strong >Une biographie, <span  style=\"font-size: revert; color: initial;\">la mienne !<\/span><\/strong><\/p>\n<a  class=\"button blue\" href=\"https:\/\/www.lesmotsdecapucine.fr\/index.php\/mon-parcours\" target=\"_self\">savoir plus<\/a>\n\n<\/div>\n<\/div>\n<\/div>\n<\/div>\n<div  id=\"about-1\" class=\"about-big-images-section\" style=\"background-color: #f6f6f6; text-align: justify;\" data-label=\"About\" data-id=\"about-big-images-section\" data-category=\"about\">\n<div  class=\"\">\n<div  class=\"about-big-images-textrow\">\n<h3  class=\"\" style=\"text-align: center;\"><strong ><span  style=\"color: #008000;\">Isabelle Le Scouarnec.<\/span><\/strong><\/h3>\n<h2  class=\"about-big-images-textcol dynamic-color\" style=\"text-align: center;\" data-type=\"column\"><strong  class=\"\"><span  class=\"\" style=\"color: #008000;\">Se sentir mieux au quotidien<\/span><\/strong><\/h2>\n<h4  style=\"text-align: center;\"><strong >Astrologue<\/strong>\n<strong >Th\u00e9rapeute familiale et syst\u00e9mique<\/strong><\/h4>\n<h4  style=\"text-align: center;\"><strong >Praticienne en psychoth\u00e9rapie Vittoz<\/strong><\/h4>\n<h4  style=\"text-align: center;\"><strong >Les mots de capucine<\/strong><\/h4>\n<h4  style=\"text-align: center;\"><strong >T\u00e9l. : 06 76 60 75 24<\/strong><\/h4>\n<h4  class=\"\" style=\"text-align: center;\"><\/h4>\n<p  class=\"\" style=\"text-align: center;\"><strong ><img  decoding=\"async\" class=\"wp-image-76 aligncenter\" src=\"https:\/\/www.lesmotsdecapucine.fr\/wp-content\/uploads\/2022\/01\/champ-scaled.jpg\" alt=\"\"><\/strong><\/p>\n\n<\/div>\n<\/div>\n<div  class=\"about-big-images-bottomrow\">\n<div  class=\"about-big-images-leftimgcol\"><\/div>\n<div  class=\"about-big-images-centerimgcol\"><\/div>\n<div  class=\"about-big-images-rightimgcol\"><\/div>\n<\/div>\n<\/div>\n<div  id=\"content-3\" class=\"content-left-image-section content-image-left\" style=\"background-color: #ffffff; text-align: justify;\" data-label=\"Content\" data-id=\"content-image-left\" data-category=\"content\">\n<div  class=\"gridContainer\">\n<div  class=\"row\">\n<div  class=\"content-left-image-imgcol\" data-type=\"column\"><strong  class=\"\"><img loading=\"lazy\"  decoding=\"async\" class=\"alignnone wp-image-88\" src=\"https:\/\/www.lesmotsdecapucine.fr\/wp-content\/uploads\/2022\/01\/voiliers-300x200.jpg\" sizes=\"auto, (max-width: 839px) 100vw, 839px\" srcset=\"https:\/\/www.lesmotsdecapucine.fr\/wp-content\/uploads\/2022\/01\/voiliers-300x200.jpg 300w, https:\/\/www.lesmotsdecapucine.fr\/wp-content\/uploads\/2022\/01\/voiliers-1024x683.jpg 1024w, https:\/\/www.lesmotsdecapucine.fr\/wp-content\/uploads\/2022\/01\/voiliers-768x512.jpg 768w, https:\/\/www.lesmotsdecapucine.fr\/wp-content\/uploads\/2022\/01\/voiliers-1536x1024.jpg 1536w, https:\/\/www.lesmotsdecapucine.fr\/wp-content\/uploads\/2022\/01\/voiliers-2048x1365.jpg 2048w, https:\/\/www.lesmotsdecapucine.fr\/wp-content\/uploads\/2022\/01\/voiliers-1620x1080.jpg 1620w\" alt=\"\" width=\"839\" height=\"559\"><\/strong><\/div>\n<div  class=\"content-left-image-textcol dynamic-color\" data-type=\"column\">\n<h2  class=\"\"><strong >Un Syst\u00e8me ?<\/strong><\/h2>\n<p  class=\"large_text\" style=\"text-align: right;\"><strong >Un syst\u00e8me est un groupe de personnes, la famille, l\u2019entreprise, le voisinage etc. sont des syst\u00e8mes, La th\u00e9rapie syst\u00e9mique consiste \u00e0 \u00e9tudier, \u00e0 observer le syst\u00e8me qui pose question.<\/strong>\n<strong >En tenant compte entre autre de l\u2019aspect interg\u00e9n\u00e9rationnel, je peux vous \u00eatre utile pour:<\/strong>\n<strong >\u2013 Am\u00e9liorer votre relation familiale (de couple avec les enfants, parents\u2026)<\/strong>\n<strong >\u2013 Clarifier les d\u00e9sordres familiaux<\/strong>\n<strong >\u2013 Retrouver votre place dans la vie et l\u2019\u00e9nergie qui est en vous.<\/strong><\/p>\n\n<\/div>\n<\/div>\n<\/div>\n<\/div>\n<div  id=\"content-4\" class=\"content-right-image-section content-image-right\" style=\"background-color: #f6f6f6; text-align: justify;\" data-label=\"Content\" data-id=\"content-image-right\" data-category=\"content\">\n<div  class=\"gridContainer\">\n<div  class=\"content-right-image-gridcol\">\n<div  class=\"content-right-image-textcol dynamic-color\" data-type=\"column\">\n<h2  class=\"\"><strong >Le syst\u00e8me professionnel<\/strong><\/h2>\n<p  class=\"large_text\"><strong >En ce qui concerne le syst\u00e8me professionnel et votre situation, vous pouvez me contacter; par exemple quand :<\/strong>\n<strong >\u2013 Vous avez des difficult\u00e9s relationnelles.<\/strong>\n<strong >\u2013 Vous \u00eates las du poste que vous occupez depuis bien longtemps.<\/strong>\n<strong >\u2013 Vous vous sentez inconsid\u00e9r\u00e9, victime d\u2019une injustice.<\/strong>\n<strong >\u2013 Vous estimez que vous n\u2019\u00eates pas reconnu, r\u00e9compens\u00e9 de votre investissement temps, \u00e9nergie.<\/strong>\n<strong >\u2013 Vous vous retrouvez engag\u00e9 dans un processus de restructuration, ou vous n\u2019avez pas ou plus d\u2019emploi.<\/strong>\n<strong >\u2013 Vous avez un projet professionnel et vous souhaitez voir plus clair dans les possibilit\u00e9s qui se pr\u00e9sentent \u00e0 vous.<\/strong><\/p>\n\n<\/div>\n<div  class=\"content-right-image-imgcol\" data-type=\"column\"><strong  class=\"\"><img loading=\"lazy\"  decoding=\"async\" class=\"alignnone wp-image-87\" src=\"https:\/\/www.lesmotsdecapucine.fr\/wp-content\/uploads\/2022\/01\/vitoz-300x208.jpg\" sizes=\"auto, (max-width: 839px) 100vw, 839px\" srcset=\"https:\/\/www.lesmotsdecapucine.fr\/wp-content\/uploads\/2022\/01\/vitoz-300x208.jpg 300w, https:\/\/www.lesmotsdecapucine.fr\/wp-content\/uploads\/2022\/01\/vitoz-1024x709.jpg 1024w, https:\/\/www.lesmotsdecapucine.fr\/wp-content\/uploads\/2022\/01\/vitoz-768x532.jpg 768w, https:\/\/www.lesmotsdecapucine.fr\/wp-content\/uploads\/2022\/01\/vitoz-1536x1063.jpg 1536w, https:\/\/www.lesmotsdecapucine.fr\/wp-content\/uploads\/2022\/01\/vitoz-2048x1418.jpg 2048w, https:\/\/www.lesmotsdecapucine.fr\/wp-content\/uploads\/2022\/01\/vitoz-1560x1080.jpg 1560w\" alt=\"\" width=\"839\" height=\"582\"><\/strong><\/div>\n<\/div>\n<\/div>\n<\/div>\n<div  id=\"portfolio-2\" style=\"background-color: #ffffff; text-align: justify;\" data-label=\"Portfolio\" data-id=\"portfolio-full-section\" data-category=\"portfolio\">\n<div  class=\"portfolio-full-section\" data-type=\"row\">\n<div  class=\"portfolio-full-projectco cp4cols cp4cols-tablet\">\n<div  id=\"ContentSwap103\" class=\"contentswap-effect ContentSwap103\">\n<div  class=\"ContentSwap103_content initial-image\"><strong ><img loading=\"lazy\"  decoding=\"async\" class=\"alignnone wp-image-146\" src=\"https:\/\/www.lesmotsdecapucine.fr\/wp-content\/uploads\/2022\/01\/astro-300x200.jpg\" sizes=\"auto, (max-width: 829px) 100vw, 829px\" srcset=\"https:\/\/www.lesmotsdecapucine.fr\/wp-content\/uploads\/2022\/01\/astro-300x200.jpg 300w, https:\/\/www.lesmotsdecapucine.fr\/wp-content\/uploads\/2022\/01\/astro-768x511.jpg 768w, https:\/\/www.lesmotsdecapucine.fr\/wp-content\/uploads\/2022\/01\/astro.jpg 793w\" alt=\"\" width=\"829\" height=\"552\"><\/strong><\/div>\n<div  class=\"overlay\" style=\"display: block; opacity: 1;\"><\/div>\n<div  class=\"swap-inner\" style=\"opacity: 1; display: block;\">\n<div  class=\"ContentSwap103-center\">\n<h4  class=\"protfolio-full-itemtitle\"><strong >ASTROLOGIE<\/strong><\/h4>\n<strong ><a  class=\"features-coloured-button\" href=\"https:\/\/www.lesmotsdecapucine.fr\/index.php\/astrologie-2\" rel=\"noopener\">SAVOIR PLUS<\/a><\/strong>\n\n<\/div>\n<\/div>\n<\/div>\n<\/div>\n<div  class=\"portfolio-full-projectco cp4cols cp4cols-tablet\">\n<div  id=\"ContentSwap103\" class=\"contentswap-effect ContentSwap103\">\n<div  class=\"ContentSwap103_content initial-image\"><strong ><img  loading=\"lazy\" decoding=\"async\" class=\"alignnone wp-image-151\" src=\"https:\/\/www.lesmotsdecapucine.fr\/wp-content\/uploads\/2022\/01\/coatch-300x200.jpg\" alt=\"\" width=\"808\" height=\"533\"><\/strong><\/div>\n<div  class=\"overlay\" style=\"display: block; opacity: 1;\"><\/div>\n<div  class=\"swap-inner\" style=\"opacity: 1; display: block;\">\n<div  class=\"ContentSwap103-center\">\n<h4  class=\"protfolio-full-itemtitle\"><strong >COACHING<\/strong><\/h4>\n<strong ><a  class=\"features-coloured-button\" href=\"https:\/\/www.lesmotsdecapucine.fr\/index.php\/coatching-2\" target=\"_self\" rel=\"noopener\">SAVOIR PLUS<\/a><\/strong>\n\n<\/div>\n<\/div>\n<\/div>\n<\/div>\n<div  class=\"portfolio-full-projectco cp4cols cp4cols-tablet\">\n<div  id=\"ContentSwap103\" class=\"contentswap-effect ContentSwap103\">\n<div  class=\"ContentSwap103_content initial-image\"><strong ><img  loading=\"lazy\" decoding=\"async\" class=\"alignnone wp-image-143\" src=\"https:\/\/www.lesmotsdecapucine.fr\/wp-content\/uploads\/2022\/01\/psy-300x200.jpg\" sizes=\"auto, (max-width: 828px) 100vw, 828px\" srcset=\"https:\/\/www.lesmotsdecapucine.fr\/wp-content\/uploads\/2022\/01\/psy-300x200.jpg 300w, https:\/\/www.lesmotsdecapucine.fr\/wp-content\/uploads\/2022\/01\/psy-768x511.jpg 768w, https:\/\/www.lesmotsdecapucine.fr\/wp-content\/uploads\/2022\/01\/psy.jpg 793w\" alt=\"\" width=\"828\" height=\"552\"><\/strong><\/div>\n<div  class=\"overlay\" style=\"display: block; opacity: 1;\"><\/div>\n<div  class=\"swap-inner\" style=\"opacity: 1; display: block;\">\n<div  class=\"ContentSwap103-center\">\n<h4  class=\"protfolio-full-itemtitle\"><strong >PSYCHOTHERAPIE<\/strong><\/h4>\n<strong ><a  class=\"features-coloured-button\" href=\"https:\/\/www.lesmotsdecapucine.fr\/index.php\/psychotherapie-2\" target=\"_self\" rel=\"noopener\">SAVOIR PLUS<\/a><\/strong>\n\n<\/div>\n<\/div>\n<\/div>\n<\/div>\n<\/div>\n<\/div>\n<div  id=\"cta-1\" class=\"cta-blue-section\" style=\"text-align: justify;\" data-label=\"Call to action\" data-id=\"cta-blue-section\" data-category=\"cta\">\n<div  class=\"gridContainer\">\n<div  class=\"flexbox-list flexbox-list-align-center row\">\n<div  class=\"cta-blue-textcol dynamic-color\">\n<h2  class=\"cta-blue-text\"><strong >Contactez nous<\/strong><\/h2>\n<\/div>\n<div  class=\"cta-blue-btncol\"><strong ><a  class=\"button big yellow dark-text\" href=\"https:\/\/www.lesmotsdecapucine.fr\/index.php\/contact\" target=\"_blank\" rel=\"noopener\"> contact <\/a><\/strong><\/div>\n<\/div>\n<\/div>\n<\/div>\n<div  id=\"latest-posts\" class=\"blog-section\" style=\"background-color: #ffffff; text-align: justify;\" data-label=\"Latest posts\" data-id=\"blog-section\" data-category=\"latest_news\">\n<div  class=\"gridContainer\">\n<div  class=\"blog-textrow\">\n<div  class=\"blog-textcol dynamic-color\" data-type=\"column\">\n<h2  class=\"\"><strong >Derni\u00e8res nouvelles<\/strong><\/h2>\n<p  class=\"\"><strong >Dans cet&nbsp; espace vous trouverez mes derni\u00e8res propositions, des nouvelles sur les animations, des articles.<\/strong><\/p>\n\n<\/div>\n<\/div>\n<div  class=\"blog-postsrow dark-text\" data-type=\"row\" data-dynamic-columns=\"one_page_express_latest_news_columns\" data-content-shortcode=\"one_page_express_latest_news\">\t\t\t<div id=\"post-791\" class=\"blog-postcol cp4cols\">\n\t\t\t<div class=\"post-content\">\n\t\t\t\t\t\t\t\t<div class=\"row_345\">\n\t\t\t\t\t<h3 class=\"blog-title\">\n\t\t\t\t\t\t<a href=\"https:\/\/www.lesmotsdecapucine.fr\/index.php\/2025\/09\/10\/sur-le-chemin-de-lolivier\/\" rel=\"bookmark\">\n\t\t\t\t\t\t\tSur le chemin de l&rsquo;olivier\t\t\t\t\t\t<\/a>\n\t\t\t\t\t<\/h3>\n\t\t\t\t\t<p>Une mini s\u00e9rie en 2 saisons sur Netflix, \u00e0 regarder sur le th\u00e8me des Constellations familiales&nbsp;: Le chemin de l\u2019Olivier.\u00ab&nbsp;A certains la vie sourit. A d\u2019autres elle impose des \u00e9preuves[&hellip;]<\/p>\n\t\t\t\t\t<a class=\"button blue small\" href=\"https:\/\/www.lesmotsdecapucine.fr\/index.php\/2025\/09\/10\/sur-le-chemin-de-lolivier\/\">\n\t\t\t\t\t\t<span data-theme=\"one_page_express_latest_news_read_more\">Read more<\/span>\n\t\t\t\t\t<\/a>\n\t\t\t\t\t<hr class=\"blog-separator\">\n<div class=\"post-header\">\n    <i class=\"font-icon-post fa fa-user\"><\/i>\n    <a href=\"https:\/\/www.lesmotsdecapucine.fr\/index.php\/author\/admin92350\/\" title=\"Articles par Les Mots de Capucine\" rel=\"author\">Les Mots de Capucine<\/a>    <i class=\"font-icon-post fa fa-calendar\"><\/i>\n    <span class=\"span12\">10 septembre 2025<\/span>\n\n    <i class=\"font-icon-post fa fa-comment-o\"><\/i>\n    <span>0<\/span>\n<\/div>\t\t\t\t<\/div>\n\t\t\t<\/div>\n\t\t<\/div>\n\t\t\t\t<div id=\"post-419\" class=\"blog-postcol cp4cols\">\n\t\t\t<div class=\"post-content\">\n\t\t\t\t\t\t\t\t<div class=\"row_345\">\n\t\t\t\t\t<h3 class=\"blog-title\">\n\t\t\t\t\t\t<a href=\"https:\/\/www.lesmotsdecapucine.fr\/index.php\/2022\/02\/16\/vivre-en-pleine-conscience\/\" rel=\"bookmark\">\n\t\t\t\t\t\t\tVivre en pleine conscience\t\t\t\t\t\t<\/a>\n\t\t\t\t\t<\/h3>\n\t\t\t\t\t<p>C\u2019est par exemple vivre des exp\u00e9riences en accueillant l\u2019un de nos sens.\u00a0 Pour aujourd\u2019hui, la vue\u00a0: pour une maman par exemple, c\u2019est regarder son petit quand elle l\u2019allaite ou lui[&hellip;]<\/p>\n\t\t\t\t\t<a class=\"button blue small\" href=\"https:\/\/www.lesmotsdecapucine.fr\/index.php\/2022\/02\/16\/vivre-en-pleine-conscience\/\">\n\t\t\t\t\t\t<span data-theme=\"one_page_express_latest_news_read_more\">Read more<\/span>\n\t\t\t\t\t<\/a>\n\t\t\t\t\t<hr class=\"blog-separator\">\n<div class=\"post-header\">\n    <i class=\"font-icon-post fa fa-user\"><\/i>\n    <a href=\"https:\/\/www.lesmotsdecapucine.fr\/index.php\/author\/admin92350\/\" title=\"Articles par Les Mots de Capucine\" rel=\"author\">Les Mots de Capucine<\/a>    <i class=\"font-icon-post fa fa-calendar\"><\/i>\n    <span class=\"span12\">16 f\u00e9vrier 2022<\/span>\n\n    <i class=\"font-icon-post fa fa-comment-o\"><\/i>\n    <span>0<\/span>\n<\/div>\t\t\t\t<\/div>\n\t\t\t<\/div>\n\t\t<\/div>\n\t\t\t\t<div id=\"post-408\" class=\"blog-postcol cp4cols\">\n\t\t\t<div class=\"post-content\">\n\t\t\t\t\t\t\t\t<div class=\"row_345\">\n\t\t\t\t\t<h3 class=\"blog-title\">\n\t\t\t\t\t\t<a href=\"https:\/\/www.lesmotsdecapucine.fr\/index.php\/2022\/02\/15\/la-constellation-familiale\/\" rel=\"bookmark\">\n\t\t\t\t\t\t\tLa constellation familiale\t\t\t\t\t\t<\/a>\n\t\t\t\t\t<\/h3>\n\t\t\t\t\t<p>La constellation familiale est une m\u00e9thode de th\u00e9rapie familiale qui met en sc\u00e8ne les acteurs de l&rsquo;arbre g\u00e9n\u00e9alogique.Un peu d&rsquo;histoire : JL. Moreno, \u00e0 la suite de l&rsquo;Ecole de Palo[&hellip;]<\/p>\n\t\t\t\t\t<a class=\"button blue small\" href=\"https:\/\/www.lesmotsdecapucine.fr\/index.php\/2022\/02\/15\/la-constellation-familiale\/\">\n\t\t\t\t\t\t<span data-theme=\"one_page_express_latest_news_read_more\">Read more<\/span>\n\t\t\t\t\t<\/a>\n\t\t\t\t\t<hr class=\"blog-separator\">\n<div class=\"post-header\">\n    <i class=\"font-icon-post fa fa-user\"><\/i>\n    <a href=\"https:\/\/www.lesmotsdecapucine.fr\/index.php\/author\/admin92350\/\" title=\"Articles par Les Mots de Capucine\" rel=\"author\">Les Mots de Capucine<\/a>    <i class=\"font-icon-post fa fa-calendar\"><\/i>\n    <span class=\"span12\">15 f\u00e9vrier 2022<\/span>\n\n    <i class=\"font-icon-post fa fa-comment-o\"><\/i>\n    <span>0<\/span>\n<\/div>\t\t\t\t<\/div>\n\t\t\t<\/div>\n\t\t<\/div>\n\t\t<\/div>\n<div  class=\"blog-textcol\"><strong ><a  class=\"button blue\" href=\"https:\/\/www.lesmotsdecapucine.fr\/index.php\/mon-parcours\/\" data-attr-shortcode=\"href:one_page_express_blog_link\">Blog<\/a><\/strong><\/div>\n<\/div>\n<\/div>\n<div  id=\"contact-4\" class=\"contact-section-formsection white-text\" style=\"text-align: justify; background-image: url('https:\/\/www.lesmotsdecapucine.fr\/wp-content\/uploads\/2022\/02\/fondpage2.png'); background-size: auto 854px; background-repeat: no-repeat; background-position: center top 92.5049%;\" data-label=\"Contact\" data-id=\"contact-section\" data-category=\"contact\" data-bg=\"transparent\">\n<div  class=\"\">\n<div  class=\"row_224\">\n<div  class=\"contact-textrow\">\n<div  class=\"contact-textcol dynamic-color\">\n<h2  class=\"\"><strong >Contactez nous<\/strong><\/h2>\n<p  class=\"white_text\"><strong ><em >Nous voulons connaitre votre avis. Si vous avez envie de nous parler, c\u2019est le bon moyen<\/em><\/strong><\/p>\n<p  style=\"text-align: center;\"><strong ><a  class=\"features-coloured-button\" href=\"https:\/\/www.lesmotsdecapucine.fr\/index.php\/contact\" rel=\"noopener\">SAVOIR PLUS<\/a><\/strong><\/p>\n\n<\/div>\n<\/div>\n<\/div>\n<\/div>\n<\/div>\n<div  class=\"wp-container-61f820bda5b0e wp-block-buttons\" style=\"text-align: justify;\"><\/div>\n<\/div>\n<\/div>","protected":false},"excerpt":{"rendered":"<p>ASTROLOGIE Connaissez vous mieux pour comprendre qui vous \u00eates. SAVOIR PLUS DEVELOPPEMENT PERSONNEL&nbsp; COACHING C\u2019est une solution pour vous aider \u00e0 vous affirmer. SAVOIR PLUS PSYCHOTH\u00c9RAPIE Chaque individu est unique, chaque approche aussi SAVOIR PLUS MON PARCOURS Une biographie, la mienne ! savoir plus Isabelle Le Scouarnec. Se sentir mieux au quotidien Astrologue Th\u00e9rapeute familiale&hellip; <br \/> <a class=\"button small blue\" href=\"https:\/\/www.lesmotsdecapucine.fr\/index.php\/2022\/02\/15\/la-constellation-familiale\/\">Lire la suite<\/a><\/p>\n","protected":false},"author":1,"featured_media":0,"parent":0,"menu_order":0,"comment_status":"closed","ping_status":"closed","template":"","meta":{"_uag_custom_page_level_css":"","footnotes":""},"class_list":["post-5","page","type-page","status-publish","hentry"],"uagb_featured_image_src":{"full":false,"thumbnail":false,"medium":false,"medium_large":false,"large":false,"1536x1536":false,"2048x2048":false,"post-thumbnail":false,"one-page-express-full-hd":false},"uagb_author_info":{"display_name":"Les Mots de Capucine","author_link":"https:\/\/www.lesmotsdecapucine.fr\/index.php\/author\/admin92350\/"},"uagb_comment_info":0,"uagb_excerpt":"ASTROLOGIE Connaissez vous mieux pour comprendre qui vous \u00eates. SAVOIR PLUS DEVELOPPEMENT PERSONNEL&nbsp; COACHING C\u2019est une solution pour vous aider \u00e0 vous affirmer. SAVOIR PLUS PSYCHOTH\u00c9RAPIE Chaque individu est unique, chaque approche aussi SAVOIR PLUS MON PARCOURS Une biographie, la mienne ! savoir plus Isabelle Le Scouarnec. Se sentir mieux au quotidien Astrologue Th\u00e9rapeute familiale&hellip;\u2026","_links":{"self":[{"href":"https:\/\/www.lesmotsdecapucine.fr\/index.php\/wp-json\/wp\/v2\/pages\/5","targetHints":{"allow":["GET"]}}],"collection":[{"href":"https:\/\/www.lesmotsdecapucine.fr\/index.php\/wp-json\/wp\/v2\/pages"}],"about":[{"href":"https:\/\/www.lesmotsdecapucine.fr\/index.php\/wp-json\/wp\/v2\/types\/page"}],"author":[{"embeddable":true,"href":"https:\/\/www.lesmotsdecapucine.fr\/index.php\/wp-json\/wp\/v2\/users\/1"}],"replies":[{"embeddable":true,"href":"https:\/\/www.lesmotsdecapucine.fr\/index.php\/wp-json\/wp\/v2\/comments?post=5"}],"version-history":[{"count":202,"href":"https:\/\/www.lesmotsdecapucine.fr\/index.php\/wp-json\/wp\/v2\/pages\/5\/revisions"}],"predecessor-version":[{"id":1051,"href":"https:\/\/www.lesmotsdecapucine.fr\/index.php\/wp-json\/wp\/v2\/pages\/5\/revisions\/1051"}],"wp:attachment":[{"href":"https:\/\/www.lesmotsdecapucine.fr\/index.php\/wp-json\/wp\/v2\/media?parent=5"}],"curies":[{"name":"wp","href":"https:\/\/api.w.org\/{rel}","templated":true}]}}